{"id":282,"date":"2021-10-13T12:23:48","date_gmt":"2021-10-13T10:23:48","guid":{"rendered":"https:\/\/vattigeo.vityo.online\/adatkezelesi-nyilatkozatot\/"},"modified":"2021-10-13T12:29:38","modified_gmt":"2021-10-13T10:29:38","slug":"podmienky-ochrany-osobnych-udajov","status":"publish","type":"page","link":"https:\/\/vattigeo.sk\/sk\/podmienky-ochrany-osobnych-udajov\/","title":{"rendered":"Podmienky Ochrany Osobn\u00fdch \u00fadajov"},"content":{"rendered":"\n<h3 class=\"wp-block-heading\">Z\u00e1kladn\u00e9 ustanovenia:<\/h3>\n\n\n\n<p>Prev\u00e1dzkovate\u013e (spr\u00e1vca) Va\u0161ich osobn\u00fdch \u00fadajov pod\u013ea \u010dl\u00e1nku 4 bod7. Nariadenia Eur\u00f3pskeho parlamentu a rady (E\u00da) 2016\/679 o ochrane fyzick\u00fdch os\u00f4b v s\u00favislosti so spracovan\u00edm osobn\u00fdch \u00fadajov a o vo\u013enom pohybe tak\u00fdchto \u00fadajov (\u010falej len GDPR) je spolo\u010dnos\u0165 Attila V\u04e7r\u04e7s \u2013 Vatti GEO, Povod\u0148ov\u00e1 529, 946 12 Zlatn\u00e1 na Ostrove, I\u010cO: 44 538 359<\/p>\n\n\n\n<p>Kontaktn\u00e9 \u00fadaje spr\u00e1vcu s\u00fa :<\/p>\n\n\n\n<p>Email: vattigeo@gmail.com<br>Telef\u00f3n: 0905 779 657<\/p>\n\n\n\n<h4 class=\"wp-block-heading\"><strong>\u010co je osobn\u00fd \u00fadaj?<\/strong><\/h4>\n\n\n\n<p>Osobn\u00fdmi \u00fadajmi s\u00fa \u00fadaje t\u00fdkaj\u00face sa identifikovanej fyzickej osoby, alebo identifikovate\u013enej fyzickej osoby, ktor\u00fa mo\u017eno identifikova\u0165 priamo alebo nepriamo, najm\u00e4 na z\u00e1klade v\u0161eobecne pou\u017eite\u013en\u00e9ho identifik\u00e1tora, in\u00e9ho identifik\u00e1tora ako je napr\u00edklad meno, priezvisko, identifika\u010dn\u00e9 \u010d\u00edslo, lokaliza\u010dn\u00e9 \u00fadaje, alebo online identifik\u00e1tor, alebo na z\u00e1klade jednej alebo viacer\u00fdch charakterist\u00edk alebo znakov, ktor\u00e9 tvoria jej fyzick\u00fa identitu, fyziologick\u00fa identitu, genetick\u00fa identitu, psychick\u00fa identitu, ment\u00e1lnu identitu, ekonomick\u00fa identitu, kult\u00farnu identitu alebo soci\u00e1lnu identitu.<\/p>\n\n\n\n<h4 class=\"wp-block-heading\">\u010co je sprac\u00favanie osobn\u00fdch \u00fadajov?<\/h4>\n\n\n\n<p>Sprac\u00favan\u00edm osobn\u00fdch \u00fadajov je spracovate\u013esk\u00e1 oper\u00e1cia alebo s\u00fabor spracovate\u013esk\u00fdch oper\u00e1ci\u00ed s osobn\u00fdmi \u00fadajmi alebo s\u00fabormi osobn\u00fdch \u00fadajov, najm\u00e4 z\u00edskavanie, zaznamen\u00e1vanie, usporad\u00favanie, \u0161trukt\u00farovanie, uchov\u00e1vanie, zmena, vyh\u013ead\u00e1vanie, prehliadanie, vyu\u017e\u00edvanie, poskytovanie prenosom, \u0161\u00edren\u00edm alebo in\u00fdm sp\u00f4sobom, preskupovanie alebo kombinovanie, obmedzenie, vymazanie, bez oh\u013eadu na to, \u010di sa vykon\u00e1va automatizovan\u00fdmi prostriedkami alebo neautomatizovan\u00fdmi prostriedkami.<\/p>\n\n\n\n<p>Prev\u00e1dzkovate\u013e (Spr\u00e1vca) nem\u00e1 povinnos\u0165 vymenova\u0165\/ur\u010di\u0165 Zodpovedn\u00fa Osobu.<\/p>\n\n\n\n<h3 class=\"wp-block-heading\">Zdroje a kateg\u00f3rie osobn\u00fdch \u00fadajov:<\/h3>\n\n\n\n<p>Prev\u00e1dzkovate\u013e spracov\u00e1va osobn\u00e9 \u00fadaje (priamo od v\u00e1s) ktor\u00e9 ste mu poskytli, alebo osobn\u00e9 \u00fadaje ktor\u00e9 z\u00edskal na z\u00e1klade plnenia Va\u0161ej objedn\u00e1vky.<\/p>\n\n\n\n<p>Va\u0161e identifika\u010dn\u00e9 a kontaktn\u00e9 \u00fadaje a \u00fadaje nevyhnutn\u00e9 na plnenie zmluvy.<\/p>\n\n\n\n<h3 class=\"wp-block-heading\">Z\u00e1konn\u00fd d\u00f4vod a \u00fa\u010del spracovania :<\/h3>\n\n\n\n<h4 class=\"wp-block-heading\">Z\u00e1konn\u00fdm d\u00f4vodom spracovania je:<\/h4>\n\n\n\n<ul class=\"wp-block-list\"><li>Plnenie zmluvy medzi Vami a prev\u00e1dzkovate\u013eom pod\u013ea \u010dl\u00e1nku 6 ods.1 p\u00edsmeno b) GDPR<\/li><li>Opr\u00e1vnen\u00fd z\u00e1ujem prev\u00e1dzkovate\u013ea na poskytovanie priameho marketingu pod\u013ea \u010dl\u00e1nku 6 ods.1 p\u00edsmeno f) GDPR<\/li><li>V\u00e1\u0161 s\u00fahlas so spracovan\u00edm osobn\u00fdch \u00fadajov na \u00fa\u010dely poskytovania priameho marketingu pod\u013ea \u010dl\u00e1nku 6 ods.1 p\u00edsmeno a) GDPR<\/li><\/ul>\n\n\n\n<h4 class=\"wp-block-heading\">\u00da\u010delom spracovania osobn\u00fdch \u00fadajov je :<\/h4>\n\n\n\n<ul class=\"wp-block-list\"><li>Vybavenie Va\u0161ej objedn\u00e1vky a v\u00fdkon pr\u00e1v a povinnost\u00ed vypl\u00fdvaj\u00facich zo zmluvn\u00e9ho vz\u0165ahu medzi Vami a prev\u00e1dzkovate\u013eom. Pri objedn\u00e1vke s\u00fa vy\u017eadovan\u00e9 osobn\u00e9 \u00fadaje nevyhnutn\u00e9 pre \u00faspe\u0161n\u00e9 vybavenie objedn\u00e1vky.(meno, adresa, kontakt), pod\u013ea \u010dl. 6 ods. 1 p\u00edsm. b) Nariadenia (s t\u00fdm s\u00favis\u00ed aj n\u00e1sledn\u00e9 uskuto\u010dnenie platby, dodanie tovaru alebo slu\u017eby, vybavovanie reklam\u00e1cie a pod.); sprac\u00favanie osobn\u00fdch \u00fadajov z\u00e1kazn\u00edka prebieha bez s\u00fahlasu z\u00e1kazn\u00edka, nako\u013eko pr\u00e1vnym z\u00e1kladom sprac\u00favania jeho osobn\u00fdch \u00fadajov na \u00fa\u010dely plnenia zmluvy je konkr\u00e9tna zmluva uzavret\u00e1 na dia\u013eku medzi z\u00e1kazn\u00edkom a prev\u00e1dzkovate\u013eom. Poskytnutie osobn\u00fdch \u00fadajov je nevyhnutn\u00e1 po\u017eiadavka na uzatvorenie a plnenie zmluvy, bez poskytnutia osobn\u00fdch \u00fadajov nie je mo\u017en\u00e9 uzavrie\u0165 zmluvu \u010di zo strany prev\u00e1dzkovate\u013ea plni\u0165 jej podmienky.<\/li><li>Zasielanie marketingov\u00fdch pon\u00fak a \u010dinenie \u010fal\u0161\u00edch marketingov\u00fdch aktiv\u00edt.<\/li><\/ul>\n\n\n\n<p>Zo strany prev\u00e1dzkovate\u013ea nedoch\u00e1dza k automatizovan\u00e9mu individu\u00e1lnemu rozhodovaniu v zmysle \u010dl\u00e1nku 22 GDPR .<\/p>\n\n\n\n<h3 class=\"wp-block-heading\">Doba uchov\u00e1vania:<\/h3>\n\n\n\n<p>Prev\u00e1dzkovate\u013e uchov\u00e1va osobn\u00e9 \u00fadaje<\/p>\n\n\n\n<ul class=\"wp-block-list\"><li>Po dobu nevyhnutn\u00fa k v\u00fdkonu pr\u00e1v a povinnost\u00ed vypl\u00fdvaj\u00facich so zmluvn\u00e9ho vz\u0165ahu medzi Vami a prev\u00e1dzkovate\u013eom a uplat\u0148ovania n\u00e1roku vypl\u00fdvaj\u00faceho z t\u00fdchto zmluvn\u00fdch vz\u0165ahov .<\/li><li>Po dobu ne\u017e je odvolan\u00fd s\u00fahlas so spracovan\u00edm osobn\u00fdch \u00fadajov pre \u00fa\u010dely marketingu<\/li><li>Po uplynut\u00ed doby uchov\u00e1vania osobn\u00fdch \u00fadajov ktor\u00e1 vypl\u00fdva zo z\u00e1kona \u010d. 395\/2002 Z. z. Z\u00e1kon o arch\u00edvoch a registrat\u00farach a o doplnen\u00ed niektor\u00fdch z\u00e1konov prev\u00e1dzkovate\u013e osobn\u00e9 \u00fadaje vyma\u017ee.<\/li><\/ul>\n\n\n\n<h3 class=\"wp-block-heading\">Pr\u00edjemcovia osobn\u00fdch \u00fadajov Kto je pr\u00edjemca?<\/h3>\n\n\n\n<p>Pr\u00edjemcom je ka\u017ed\u00fd, komu sa osobn\u00e9 \u00fadaje poskytn\u00fa bez oh\u013eadu na to, \u010di je tre\u0165ou stranou. Za pr\u00edjemcu sa nepova\u017euje org\u00e1n verejnej moci, ktor\u00fd sprac\u00fava osobn\u00e9 \u00fadaje na z\u00e1klade osobitn\u00e9ho predpisu.<\/p>\n\n\n\n<ul class=\"wp-block-list\"><li>S\u00fa osoby ktor\u00e9 sa podie\u013eaj\u00fa na dodan\u00ed tovaru, slu\u017eieb, realiz\u00e1cii platieb na z\u00e1klade zmluvy<\/li><li>Prev\u00e1dzkovate\u013e neposkytuje, nezverej\u0148uje a nespr\u00edstup\u0148uje osobn\u00e9 \u00fadaje do tret\u00edch kraj\u00edn<\/li><\/ul>\n\n\n\n<h3 class=\"wp-block-heading\">Podmienky zabezpe\u010denia osobn\u00fdch \u00fadajov<\/h3>\n\n\n\n<p><strong>Prev\u00e1dzkovate\u013e prehlasuje, \u017ee prijal vhodn\u00e9 person\u00e1lne, technick\u00e9 a organiza\u010dn\u00e9 opatrenia k zabezpe\u010deniu ochrany osobn\u00fdch \u00fadajov.<\/strong><\/p>\n\n\n\n<p><strong>Prev\u00e1dzkovate\u013e prijal technick\u00e9 opatrenia na zabezpe\u010denie d\u00e1tov\u00fdch \u00falo\u017e\u00edsk a \u00falo\u017e\u00edsk osobn\u00fdch \u00fadajov v spisovej podobe.<\/strong><\/p>\n\n\n\n<p><strong>Prev\u00e1dzkovate\u013e prehlasuje , \u017ee k osobn\u00fdm \u00fadajom maj\u00fa pr\u00edstup v\u00fdlu\u010dne n\u00edm poveren\u00e9 osoby.<\/strong><\/p>\n\n\n\n<h3 class=\"wp-block-heading\">Va\u0161e pr\u00e1va :<\/h3>\n\n\n\n<p>Za podmienok stanoven\u00fdch v GDPR m\u00e1te:<\/p>\n\n\n\n<ul class=\"wp-block-list\"><li>Pr\u00e1vo na pr\u00edstup k svojim osobn\u00fdm \u00fadajom pod\u013ea \u010dl. 15 GDPR<\/li><li>Pr\u00e1vo na opravu osobn\u00fdch \u00fadajov pod\u013ea \u010dl.16 GDPR<\/li><li>Pr\u00e1vo na obmedzenie sprac\u00favania<\/li><li>Pr\u00e1vo na v\u00fdmaz pod\u013ea \u010dl.17 GDPR<\/li><li>Pr\u00e1vo namieta\u0165 pod\u013ea \u010dl\u00e1nku 21 GDPR<\/li><li>Pr\u00e1vo na prenesenie osobn\u00fdch \u00fadajov pod\u013ea \u010dl\u00e1nku 21 GDPR<\/li><li>Pr\u00e1vo odvola\u0165 s\u00fahlas (elektronicky, alebo na kore\u0161ponden\u010dn\u00fa adresu)<\/li><li>Pr\u00e1vo poda\u0165 s\u0165a\u017enos\u0165 \u00faradu na ochranu osobn\u00fdch \u00fadajov v pr\u00edpade, \u017ee sa domnievate ,\u017ee do\u0161lo k poru\u0161eniu va\u0161ich pr\u00e1v na ochranu osobn\u00fdch \u00fadajov.<\/li><\/ul>\n\n\n\n<h3 class=\"wp-block-heading\">Ako m\u00f4\u017eete naplni\u0165 svoje pr\u00e1va?<\/h3>\n\n\n\n<h4 class=\"wp-block-heading\">a.) Pr\u00e1vo na pr\u00edstup k \u00fadajom<\/h4>\n\n\n\n<p>M\u00e1te pr\u00e1vo vedie\u0165, \u010di sprac\u00favame Va\u0161e osobn\u00e9 \u00fadaje. Pokia\u013e ich sprac\u00favame, m\u00f4\u017eete n\u00e1s po\u017eiada\u0165 o pr\u00edstup k nim. Na z\u00e1klade Va\u0161ej \u017eiadosti vyd\u00e1me potvrdenie s inform\u00e1ciami o sprac\u00favan\u00ed Va\u0161ich osobn\u00fdch \u00fadajov. \u017diados\u0165 m\u00f4\u017eete poda\u0165 elektronicky, na emailov\u00fa adresu vattigeo@gmail.com alebo po\u0161tou na kore\u0161ponden\u010dn\u00fa adresu : Attila V\u04e7r\u04e7s \u2013 Vatti GEO, Povod\u0148ov\u00e1 529, 946 12 Zlatn\u00e1 na Ostrove, I\u010cO: 44 538 359<\/p>\n\n\n\n<h4 class=\"wp-block-heading\">b. ) Pr\u00e1vo na opravu<\/h4>\n\n\n\n<p>M\u00e1te pr\u00e1vo na to, aby Va\u0161e osobn\u00e9 \u00fadaje, ktor\u00e9 sprac\u00favame, boli spr\u00e1vne, \u00fapln\u00e9 a aktu\u00e1lne. Pokia\u013e s\u00fa Va\u0161e osobn\u00e9 \u00fadaje nespr\u00e1vne alebo neaktu\u00e1lne, m\u00f4\u017eete n\u00e1s po\u017eiada\u0165 o opravu alebo doplnenie a to elektronickou formou na emailov\u00fa adresu vattigeo@gmail.com alebo po\u0161tou na kore\u0161ponden\u010dn\u00fa adresu : Attila V\u04e7r\u04e7s \u2013 Vatti GEO, Povod\u0148ov\u00e1 529, 946 12 Zlatn\u00e1 na Ostrove, I\u010cO: 44 538 359<\/p>\n\n\n\n<h4 class=\"wp-block-heading\">c. ) Pr\u00e1vo na vymazanie<\/h4>\n\n\n\n<p>Za ur\u010dit\u00fdch okolnost\u00ed m\u00e1te pr\u00e1vo, aby sme Va\u0161e osobn\u00e9 \u00fadaje vymazali. O vymazanie Va\u0161ich \u00fadajov n\u00e1s m\u00f4\u017eete po\u017eiada\u0165 kedyko\u013evek. Va\u0161e osobn\u00e9 \u00fadaje vyma\u017eeme, ak:<\/p>\n\n\n\n<ul class=\"wp-block-list\"><li>u\u017e va\u0161e osobn\u00e9 \u00fadaje nepotrebujeme pre \u00fa\u010del, na ktor\u00fd ste n\u00e1m ich poskytli,<\/li><li>odvol\u00e1te svoj s\u00fahlas,<\/li><li>namietate vo\u010di sprac\u00favaniu va\u0161ich osobn\u00fdch \u00fadajov,<\/li><li>sprac\u00favame Va\u0161e osobn\u00e9 \u00fadaje nez\u00e1konne,<\/li><li>osobn\u00e9 \u00fadaje musia by\u0165 vymazan\u00e9, aby sa t\u00fdm splnila z\u00e1konn\u00e1 povinnos\u0165,<\/li><li>ak ste die\u0165a, pr\u00edp. rodi\u010d die\u0165a\u0165a, ktor\u00e9 s\u00fahlasilo so sprac\u00favan\u00edm osobn\u00fdch \u00fadajov cez internet.<\/li><\/ul>\n\n\n\n<h4 class=\"wp-block-heading\">d.) Pr\u00e1vo na obmedzenie sprac\u00favania<\/h4>\n\n\n\n<p>M\u00f4\u017eete n\u00e1s po\u017eiada\u0165, aby sme obmedzili sprac\u00favanie va\u0161ich osobn\u00fdch \u00fadajov. Pokia\u013e Va\u0161ej \u017eiadosti vyhovieme, Va\u0161e osobn\u00e9 \u00fadaje budeme iba uchov\u00e1va\u0165 a \u010falej s nimi pracova\u0165 nebudeme. K obmedzeniu sprac\u00favania Va\u0161ich \u00fadajov d\u00f4jde, ak<\/p>\n\n\n\n<ul class=\"wp-block-list\"><li>n\u00e1m ozn\u00e1mite, \u017ee Va\u0161e osobn\u00e9 \u00fadaje s\u00fa nespr\u00e1vne, a to a\u017e dok\u00fdm neover\u00edme ich spr\u00e1vnos\u0165,<\/li><li>sprac\u00favame Va\u0161e osobn\u00e9 \u00fadaje nez\u00e1konne, av\u0161ak Vy nes\u00fahlas\u00edte s ich vymazan\u00edm a na miesto toho \u017eiadate, aby sme sprac\u00favanie Va\u0161ich osobn\u00fdch \u00fadajov len obmedzili,<\/li><li>Va\u0161e \u00fadaje u\u017e nepotrebujeme, ale potrebujete ich Vy na preuk\u00e1zanie, uplat\u0148ovanie alebo obhajovanie svojich pr\u00e1v<\/li><li>namietate vo\u010di sprac\u00favaniu Va\u0161ich osobn\u00fdch \u00fadajov, a to a\u017e k\u00fdm neover\u00edme, \u010di na\u0161e opr\u00e1vnen\u00e9 z\u00e1ujmy preva\u017euj\u00fa nad va\u0161imi d\u00f4vodmi.<\/li><\/ul>\n\n\n\n<h4 class=\"wp-block-heading\">e. ) Pr\u00e1vo na prenosnos\u0165 \u00fadajov<\/h4>\n\n\n\n<p>M\u00e1te pr\u00e1vo \u017eiada\u0165, aby sme V\u00e1m poskytli Va\u0161e osobn\u00e9 \u00fadaje v elektronickej forme (napr. s\u00fabor XML alebo CSV), ktor\u00e1 V\u00e1m umo\u017en\u00ed \u013eahko si prenies\u0165 \u00fadaje do inej spolo\u010dnosti. Tie\u017e n\u00e1s m\u00f4\u017eete po\u017eiada\u0165, aby sme Va\u0161e osobn\u00e9 \u00fadaje preniesli vybranej spolo\u010dnosti priamo my. Va\u0161ej \u017eiadosti vyhovieme v pr\u00edpade, \u017ee ste n\u00e1m poskytli osobn\u00e9 \u00fadaje priamo Vy a dali ste n\u00e1m na ich sprac\u00favanie s\u00fahlas.<\/p>\n\n\n\n<h4 class=\"wp-block-heading\">f. ) Pr\u00e1vo namieta\u0165<\/h4>\n\n\n\n<p>M\u00e1te pr\u00e1vo namieta\u0165, \u017ee sprac\u00favame Va\u0161e osobn\u00e9 \u00fadaje. Ak Va\u0161e osobn\u00e9 \u00fadaje sprac\u00favame v nasledovn\u00fdch pr\u00edpadoch:<\/p>\n\n\n\n<ul class=\"wp-block-list\"><li>z d\u00f4vodu n\u00e1\u0161ho opr\u00e1vnen\u00e9ho z\u00e1ujmu,<\/li><li>vytv\u00e1rania z\u00e1kazn\u00edckeho profilu,<\/li><li>m\u00f4\u017eete namieta\u0165 ich sprac\u00favanie, ak m\u00e1te na to osobn\u00e9 d\u00f4vody.<\/li><\/ul>\n\n\n\n<h3 class=\"wp-block-heading\">Ako m\u00f4\u017eete tieto pr\u00e1va vykon\u00e1va\u0165?<\/h3>\n\n\n\n<p>S Va\u0161ou \u017eiados\u0165ou sa m\u00f4\u017eete na n\u00e1s obr\u00e1ti\u0165 niektor\u00fdm z t\u00fdchto sp\u00f4sobov:<br>emailom : na vattigeo@gmail.com , p\u00edsomne alebo osobne doru\u010den\u00edm na adresu: <strong>Attila V\u04e7r\u04e7s \u2013 Vatti GEO, Povod\u0148ov\u00e1 529, 946 12 Zlatn\u00e1 na Ostrove, I\u010cO: 44 538 359<\/strong><\/p>\n\n\n\n<p>V pr\u00edpade, \u017ee sa domnievate ,\u017ee do\u0161lo k poru\u0161eniu Va\u0161ich pr\u00e1v na ochranu osobn\u00fdch \u00fadajov m\u00e1te pr\u00e1vo poda\u0165 <strong>s\u0165a\u017enos\u0165 dozorn\u00e9mu org\u00e1nu ktor\u00fdm je \u00darad na ochranu osobn\u00fdch \u00fadajov na adrese<\/strong><br>Hrani\u010dn\u00e1 12<br>820 07 Bratislava 27<br>Slovensk\u00e1 republika<\/p>\n\n\n\n<p><strong>Identifika\u010dn\u00e9 \u00fadaje:<\/strong><br>I\u010cO: 36064220<br>DI\u010c: 2021685985<\/p>\n\n\n\n<p><strong>Sekretari\u00e1t \u00faradu:<\/strong><br>+421 \/2 3231 3214<\/p>\n\n\n\n<p><strong>E-mail:<\/strong> statny.dozor@pdp.gov.sk<br><strong>Podate\u013e\u0148a: <\/strong>pondelok \u2013 \u0161tvrtok: 8:00 &#8211; 15:00<br>piatok: 8:00 &#8211; 14:00<\/p>\n\n\n\n<p>Inform\u00e1cie o s\u00faboroch cookie<\/p>\n\n\n\n<p>a) Pri pou\u017e\u00edvan\u00ed slu\u017eieb prev\u00e1dzkovate\u013ea \u00fadajov zost\u00e1vate anonymn\u00ed, ak sa nerozhodne inak. S oh\u013eadom na v\u0161eobecn\u00e9 pravidl\u00e1 pripojenia na internet s\u00fa inform\u00e1cie nach\u00e1dzaj\u00face sa v syst\u00e9mov\u00fdch protokoloch (napr. adresa IP) pou\u017e\u00edvan\u00e9 na technick\u00e9 \u00fa\u010dely s\u00favisiace so spr\u00e1vou serverov prev\u00e1dzkovate\u013ea \u00fadajov. Adresy IP \u010falej sl\u00fa\u017eia na zhroma\u017e\u010fovanie v\u0161eobecn\u00fdch \u0161tatistick\u00fdch demografick\u00fdch \u00fadajov (napr. o regi\u00f3ne, z ktor\u00e9ho sa nadviazalo pripojenie).<\/p>\n\n\n\n<p>b) V\u00e1\u0161 webov\u00fd prehliada\u010d m\u00f4\u017ee na disku v\u00e1\u0161ho po\u010d\u00edta\u010da uklada\u0165 mal\u00e9 textov\u00e9 s\u00fabory (angl. cookies). S\u00fabory cookies obsahuj\u00fa inform\u00e1cie, ktor\u00e9 s\u00fa nevyhnutn\u00e9 pre spr\u00e1vne fungovanie slu\u017eieb, najm\u00e4 t\u00fdch, ktor\u00e9 si vy\u017eaduj\u00fa opr\u00e1vnenie.<\/p>\n\n\n\n<p>c) Slu\u017eby prev\u00e1dzkovate\u013ea \u00fadajov ukladaj\u00fa s\u00fabory cookies v po\u010d\u00edta\u010doch pou\u017e\u00edvate\u013eov na nasleduj\u00face \u00fa\u010dely:<\/p>\n\n\n\n<ul class=\"wp-block-list\"><li>lep\u0161ie prisp\u00f4sobenie slu\u017eieb potreb\u00e1m pou\u017e\u00edvate\u013eov;<\/li><li>vytv\u00e1ranie \u0161tatistiky n\u00e1v\u0161tevnosti;<\/li><\/ul>\n\n\n\n<p>d) Vzh\u013eadom na \u017eivotnos\u0165 s\u00faborov cookies a podobn\u00fdch technol\u00f3gi\u00ed pou\u017e\u00edvame dva z\u00e1kladn\u00e9 typy t\u00fdchto s\u00faborov:<\/p>\n\n\n\n<ul class=\"wp-block-list\"><li>rela\u010dn\u00e9 \u2013 do\u010dasn\u00e9 s\u00fabory ulo\u017een\u00e9 v koncovom zariaden\u00ed pou\u017e\u00edvate\u013ea do odhl\u00e1senia, opustenia webovej str\u00e1nky a aplik\u00e1cie alebo vymazania pomocou softv\u00e9ru (webov\u00e9ho prehliada\u010da);<\/li><li>trval\u00e9 \u2013 ulo\u017een\u00e9 v koncovom zariaden\u00ed pou\u017e\u00edvate\u013ea v stanovenom \u010dase v parametroch s\u00faborov cookies alebo k\u00fdm ich pou\u017e\u00edvate\u013e nevyma\u017ee.<\/li><\/ul>\n\n\n\n<p>e) S oh\u013eadom na cie\u013e, ktor\u00e9mu sl\u00fa\u017eia s\u00fabory cookies a podobn\u00e9 technol\u00f3gie, rozli\u0161ujeme ich nasleduj\u00face typy:<\/p>\n\n\n\n<ul class=\"wp-block-list\"><li>Bezpe\u010dnostn\u00e9 \u2013 pou\u017e\u00edvan\u00e9 na zaistenie bezpe\u010dnosti, napr. na detekciu podvodov;<\/li><li>v\u00fdkonov\u00e9 \u2013 umo\u017e\u0148uj\u00fa zhroma\u017e\u010fovanie inform\u00e1ci\u00ed o sp\u00f4sobe pou\u017e\u00edvania webov\u00fdch str\u00e1nok;<\/li><li>\u0161tatistick\u00e9 \u2013 na vytv\u00e1ranie \u0161tatist\u00edk webov\u00fdch str\u00e1nok a aplik\u00e1ci\u00ed.<\/li><\/ul>\n\n\n\n<p>f) Webov\u00fd prehliada\u010d je mo\u017en\u00e9 nakonfigurova\u0165 tak, aby bola celkom vypnut\u00e1 mo\u017enos\u0165 ukladania s\u00faborov cookies na pevnom disku v\u00e1\u0161ho po\u010d\u00edta\u010da.<\/p>\n\n\n\n<p>g) \u010eal\u0161ie inform\u00e1cie o s\u00faboroch cookies a in\u00fdch technol\u00f3gi\u00e1ch n\u00e1jdete o. i. na Wikip\u00e9dii (https:\/\/cs.wikipedia.org\/wiki\/HTTP_cookie) alebo v ponuke Pomocn\u00edk webov\u00e9ho prehliada\u010da.<\/p>\n","protected":false},"excerpt":{"rendered":"<p>Z\u00e1kladn\u00e9 ustanovenia: Prev\u00e1dzkovate\u013e (spr\u00e1vca) Va\u0161ich osobn\u00fdch \u00fadajov pod\u013ea \u010dl\u00e1nku 4 bod7. Nariadenia Eur\u00f3pskeho parlamentu a rady (E\u00da) 2016\/679 o ochrane fyzick\u00fdch os\u00f4b v s\u00favislosti so spracovan\u00edm osobn\u00fdch \u00fadajov a o vo\u013enom pohybe tak\u00fdchto \u00fadajov (\u010falej len GDPR) je spolo\u010dnos\u0165 Attila V\u04e7r\u04e7s \u2013 Vatti GEO, Povod\u0148ov\u00e1 529, 946 12 Zlatn\u00e1 na Ostrove, I\u010cO: 44 538 359 [&hellip;]<\/p>\n","protected":false},"author":1,"featured_media":0,"parent":0,"menu_order":0,"comment_status":"closed","ping_status":"closed","template":"","meta":{"footnotes":""},"class_list":["post-282","page","type-page","status-publish","hentry"],"yoast_head":"<!-- This site is optimized with the Yoast SEO plugin v17.3 - https:\/\/yoast.com\/wordpress\/plugins\/seo\/ -->\n<title>Podmienky Ochrany Osobn\u00fdch \u00fadajov - Vatti GEO<\/title>\n<meta name=\"robots\" content=\"index, follow, max-snippet:-1, max-image-preview:large, max-video-preview:-1\" \/>\n<link rel=\"canonical\" href=\"https:\/\/vattigeo.sk\/sk\/podmienky-ochrany-osobnych-udajov\/\" \/>\n<meta property=\"og:locale\" content=\"sk_SK\" \/>\n<meta property=\"og:type\" content=\"article\" \/>\n<meta property=\"og:title\" content=\"Podmienky Ochrany Osobn\u00fdch \u00fadajov - Vatti GEO\" \/>\n<meta property=\"og:description\" content=\"Z\u00e1kladn\u00e9 ustanovenia: Prev\u00e1dzkovate\u013e (spr\u00e1vca) Va\u0161ich osobn\u00fdch \u00fadajov pod\u013ea \u010dl\u00e1nku 4 bod7. Nariadenia Eur\u00f3pskeho parlamentu a rady (E\u00da) 2016\/679 o ochrane fyzick\u00fdch os\u00f4b v s\u00favislosti so spracovan\u00edm osobn\u00fdch \u00fadajov a o vo\u013enom pohybe tak\u00fdchto \u00fadajov (\u010falej len GDPR) je spolo\u010dnos\u0165 Attila V\u04e7r\u04e7s \u2013 Vatti GEO, Povod\u0148ov\u00e1 529, 946 12 Zlatn\u00e1 na Ostrove, I\u010cO: 44 538 359 [&hellip;]\" \/>\n<meta property=\"og:url\" content=\"https:\/\/vattigeo.sk\/sk\/podmienky-ochrany-osobnych-udajov\/\" \/>\n<meta property=\"og:site_name\" content=\"Vatti GEO\" \/>\n<meta property=\"article:modified_time\" content=\"2021-10-13T10:29:38+00:00\" \/>\n<meta name=\"twitter:card\" content=\"summary_large_image\" \/>\n<meta name=\"twitter:label1\" content=\"Predpokladan\u00fd \u010das \u010d\u00edtania\" \/>\n\t<meta name=\"twitter:data1\" content=\"10 min\u00fat\" \/>\n<script type=\"application\/ld+json\" class=\"yoast-schema-graph\">{\"@context\":\"https:\/\/schema.org\",\"@graph\":[{\"@type\":\"WebSite\",\"@id\":\"https:\/\/vattigeo.sk\/#website\",\"url\":\"https:\/\/vattigeo.sk\/\",\"name\":\"Vatti GEO\",\"description\":\"Felvid\\u00e9ki f\\u00f6ldm\\u00e9r\\u0151 iroda\",\"potentialAction\":[{\"@type\":\"SearchAction\",\"target\":{\"@type\":\"EntryPoint\",\"urlTemplate\":\"https:\/\/vattigeo.sk\/?s={search_term_string}\"},\"query-input\":\"required name=search_term_string\"}],\"inLanguage\":\"sk-SK\"},{\"@type\":\"WebPage\",\"@id\":\"https:\/\/vattigeo.sk\/sk\/podmienky-ochrany-osobnych-udajov\/#webpage\",\"url\":\"https:\/\/vattigeo.sk\/sk\/podmienky-ochrany-osobnych-udajov\/\",\"name\":\"Podmienky Ochrany Osobn\\u00fdch \\u00fadajov - Vatti GEO\",\"isPartOf\":{\"@id\":\"https:\/\/vattigeo.sk\/#website\"},\"datePublished\":\"2021-10-13T10:23:48+00:00\",\"dateModified\":\"2021-10-13T10:29:38+00:00\",\"breadcrumb\":{\"@id\":\"https:\/\/vattigeo.sk\/sk\/podmienky-ochrany-osobnych-udajov\/#breadcrumb\"},\"inLanguage\":\"sk-SK\",\"potentialAction\":[{\"@type\":\"ReadAction\",\"target\":[\"https:\/\/vattigeo.sk\/sk\/podmienky-ochrany-osobnych-udajov\/\"]}]},{\"@type\":\"BreadcrumbList\",\"@id\":\"https:\/\/vattigeo.sk\/sk\/podmienky-ochrany-osobnych-udajov\/#breadcrumb\",\"itemListElement\":[{\"@type\":\"ListItem\",\"position\":1,\"name\":\"Kezd\\u0151lap\",\"item\":\"https:\/\/vattigeo.sk\/sk\/\"},{\"@type\":\"ListItem\",\"position\":2,\"name\":\"Podmienky Ochrany Osobn\\u00fdch \\u00fadajov\"}]}]}<\/script>\n<!-- \/ Yoast SEO plugin. -->","yoast_head_json":{"title":"Podmienky Ochrany Osobn\u00fdch \u00fadajov - Vatti GEO","robots":{"index":"index","follow":"follow","max-snippet":"max-snippet:-1","max-image-preview":"max-image-preview:large","max-video-preview":"max-video-preview:-1"},"canonical":"https:\/\/vattigeo.sk\/sk\/podmienky-ochrany-osobnych-udajov\/","og_locale":"sk_SK","og_type":"article","og_title":"Podmienky Ochrany Osobn\u00fdch \u00fadajov - Vatti GEO","og_description":"Z\u00e1kladn\u00e9 ustanovenia: Prev\u00e1dzkovate\u013e (spr\u00e1vca) Va\u0161ich osobn\u00fdch \u00fadajov pod\u013ea \u010dl\u00e1nku 4 bod7. Nariadenia Eur\u00f3pskeho parlamentu a rady (E\u00da) 2016\/679 o ochrane fyzick\u00fdch os\u00f4b v s\u00favislosti so spracovan\u00edm osobn\u00fdch \u00fadajov a o vo\u013enom pohybe tak\u00fdchto \u00fadajov (\u010falej len GDPR) je spolo\u010dnos\u0165 Attila V\u04e7r\u04e7s \u2013 Vatti GEO, Povod\u0148ov\u00e1 529, 946 12 Zlatn\u00e1 na Ostrove, I\u010cO: 44 538 359 [&hellip;]","og_url":"https:\/\/vattigeo.sk\/sk\/podmienky-ochrany-osobnych-udajov\/","og_site_name":"Vatti GEO","article_modified_time":"2021-10-13T10:29:38+00:00","twitter_card":"summary_large_image","twitter_misc":{"Predpokladan\u00fd \u010das \u010d\u00edtania":"10 min\u00fat"},"schema":{"@context":"https:\/\/schema.org","@graph":[{"@type":"WebSite","@id":"https:\/\/vattigeo.sk\/#website","url":"https:\/\/vattigeo.sk\/","name":"Vatti GEO","description":"Felvid\u00e9ki f\u00f6ldm\u00e9r\u0151 iroda","potentialAction":[{"@type":"SearchAction","target":{"@type":"EntryPoint","urlTemplate":"https:\/\/vattigeo.sk\/?s={search_term_string}"},"query-input":"required name=search_term_string"}],"inLanguage":"sk-SK"},{"@type":"WebPage","@id":"https:\/\/vattigeo.sk\/sk\/podmienky-ochrany-osobnych-udajov\/#webpage","url":"https:\/\/vattigeo.sk\/sk\/podmienky-ochrany-osobnych-udajov\/","name":"Podmienky Ochrany Osobn\u00fdch \u00fadajov - Vatti GEO","isPartOf":{"@id":"https:\/\/vattigeo.sk\/#website"},"datePublished":"2021-10-13T10:23:48+00:00","dateModified":"2021-10-13T10:29:38+00:00","breadcrumb":{"@id":"https:\/\/vattigeo.sk\/sk\/podmienky-ochrany-osobnych-udajov\/#breadcrumb"},"inLanguage":"sk-SK","potentialAction":[{"@type":"ReadAction","target":["https:\/\/vattigeo.sk\/sk\/podmienky-ochrany-osobnych-udajov\/"]}]},{"@type":"BreadcrumbList","@id":"https:\/\/vattigeo.sk\/sk\/podmienky-ochrany-osobnych-udajov\/#breadcrumb","itemListElement":[{"@type":"ListItem","position":1,"name":"Kezd\u0151lap","item":"https:\/\/vattigeo.sk\/sk\/"},{"@type":"ListItem","position":2,"name":"Podmienky Ochrany Osobn\u00fdch \u00fadajov"}]}]}},"_links":{"self":[{"href":"https:\/\/vattigeo.sk\/sk\/wp-json\/wp\/v2\/pages\/282","targetHints":{"allow":["GET"]}}],"collection":[{"href":"https:\/\/vattigeo.sk\/sk\/wp-json\/wp\/v2\/pages"}],"about":[{"href":"https:\/\/vattigeo.sk\/sk\/wp-json\/wp\/v2\/types\/page"}],"author":[{"embeddable":true,"href":"https:\/\/vattigeo.sk\/sk\/wp-json\/wp\/v2\/users\/1"}],"replies":[{"embeddable":true,"href":"https:\/\/vattigeo.sk\/sk\/wp-json\/wp\/v2\/comments?post=282"}],"version-history":[{"count":1,"href":"https:\/\/vattigeo.sk\/sk\/wp-json\/wp\/v2\/pages\/282\/revisions"}],"predecessor-version":[{"id":283,"href":"https:\/\/vattigeo.sk\/sk\/wp-json\/wp\/v2\/pages\/282\/revisions\/283"}],"wp:attachment":[{"href":"https:\/\/vattigeo.sk\/sk\/wp-json\/wp\/v2\/media?parent=282"}],"curies":[{"name":"wp","href":"https:\/\/api.w.org\/{rel}","templated":true}]}}