{"id":134,"date":"2021-09-10T14:11:18","date_gmt":"2021-09-10T12:11:18","guid":{"rendered":"https:\/\/vattigeo.vityo.online\/rolunk\/"},"modified":"2021-10-11T13:13:30","modified_gmt":"2021-10-11T11:13:30","slug":"o-nas","status":"publish","type":"page","link":"https:\/\/vattigeo.sk\/sk\/o-nas\/","title":{"rendered":"O n\u00e1s"},"content":{"rendered":"\n<h2 class=\"wp-block-heading\">Kto sme?<\/h2>\n\n\n\n<p>Sme geodetick\u00e1 kancel\u00e1ria pon\u00fakaj\u00faca komplexn\u00e9 slu\u017eby v oblasti geod\u00e9zie, kartografie a katastra.<\/p>\n\n\n\n<p>Na\u0161im hlavn\u00fdm cie\u013eom je spokojn\u00fd z\u00e1kazn\u00edk, presn\u00e1 a kvalitne odveden\u00e1 pr\u00e1ca, a to v\u0161etko v \u010do najkrat\u0161om mo\u017enom term\u00edne a za ceny prijate\u013en\u00e9 pre \u0161irok\u00fa verejnos\u0165 . Pri svojej \u010dinnosti vyu\u017e\u00edvame bohat\u00e9 sk\u00fasenosti v odbore geod\u00e9zia, a tie\u017e modern\u00fa techniku, v\u010faka \u010domu dosahujeme vysoko kvalitn\u00e9 v\u00fdsledky.<\/p>\n\n\n\n<p><strong><strong>Te\u0161\u00edme sa na Va\u0161u spolupr\u00e1cu a ver\u00edme, \u017ee na\u0161a firma bude pre V\u00e1s spr\u00e1vnou vo\u013ebou.<\/strong><\/strong><\/p>\n\n\n\n<h2 class=\"wp-block-heading\">O firme<\/h2>\n\n\n\n<p>Rozhodol som sa ako \u017eivnostn\u00edk vyu\u017ei\u0165 sk\u00fasenosti zo svojej doteraj\u0161ej praxe ako i odborn\u00e9 znalosti a vytvori\u0165 si vlastn\u00e9 pracovn\u00e9 miesto. V danom odbore pracujem u\u017e 12 rokov (doteraz ako zamestnanec). Predmet \u010dinnosti (geodet) v \u00faplnom rozsahu zodpoved\u00e1 mojim vedomostiam, zru\u010dnostiam a sk\u00fasenostiam. Na z\u00e1klade odborn\u00fdch vedomost\u00ed a doteraj\u0161\u00edch sk\u00fasenost\u00ed som sa ako \u017eivnostn\u00edk rozhodol na tomto trhu pon\u00faknu\u0165 svoje slu\u017eby.<\/p>\n\n\n\n<p>\u017divnostensk\u00fd list je vydan\u00fd na vykon\u00e1vanie ohlasovacej \u017eivnosti:<br><strong><strong>Geodetick\u00e9 a kartografick\u00e9 pr\u00e1ce<\/strong><\/strong><\/p>\n\n\n\n<p><strong><strong>\u010d. O\u017dP-H\/2008\/08233-3<\/strong><\/strong><br><strong>R<strong>\u010d. \u017eivnostensk\u00e9ho registr<\/strong>a 410-21173<\/strong><\/p>\n\n\n\n<figure class=\"wp-block-table\"><table><tbody><tr><td><strong><strong>Obchodn\u00e9 meno<\/strong>:<\/strong> <\/td><td>V\u00f6r\u00f6s Attila \u2013 Vatti GEO<\/td><\/tr><tr><td><strong><strong>Kancel\u00e1ria<\/strong>:<\/strong><\/td><td>Tr\u017eni\u010dn\u00e9 n\u00e1mestie 4810, 945 01 Kom\u00e1rno<\/td><\/tr><tr><td><strong><strong>Miesto podnikani<\/strong>a:<\/strong><\/td><td>Povod\u0148ov\u00e1 529, 946 12 Zlatn\u00e1 na Ostrove<\/td><\/tr><tr><td><strong><strong>Pridelen\u00e9 I\u010cO<\/strong>:<\/strong><\/td><td>44 538 359<\/td><\/tr><tr><td><strong><strong>Pridelen\u00e9 DI\u010c<\/strong>:<\/strong><\/td><td>1078 160 545<\/td><\/tr><tr><td><strong>Telef\u00f3n:<\/strong><\/td><td>00421 (0)905 779 657<\/td><\/tr><tr><td><strong>E-mail:<\/strong><\/td><td><a href=\"mailto:vattigeo@gmail.com\">vattigeo@gmail.com<\/a><\/td><\/tr><\/tbody><\/table><\/figure>\n\n\n\n<h2 class=\"wp-block-heading\">Ciele:<\/h2>\n\n\n\n<p>Strategick\u00fdm, dlhodob\u00fdm cie\u013eom mojej firmy VattiGEO i cie\u013eom moj\u00edm osobn\u00fdm je vytvori\u0165 firmu, ktor\u00e1 m\u00e1 d\u00f4veru klienta, jej meno bude na trhu znamena\u0165 kvalitu, prec\u00edznos\u0165, \u010destnos\u0165 v podnikan\u00ed a spo\u013eahlivos\u0165 v poskytovan\u00ed slu\u017eieb.<\/p>\n\n\n\n<h4 class=\"wp-block-heading\">Ciele \u017eivnostn\u00edka:<\/h4>\n\n\n\n<ul class=\"wp-block-list\"><li>poskytova\u0165 slu\u017eby najvy\u0161\u0161ej kvality za primeran\u00e9 ceny<\/li><li>vytv\u00e1ra\u0165 a udr\u017eiava\u0165 dobr\u00e9 meno firmy Vatti GEO<\/li><li>uspokoji\u0165 individu\u00e1lne z\u00e1kazn\u00edcke potreby<\/li><li>dosiahnu\u0165 optim\u00e1lny dlhodob\u00fd rast zisk<\/li><li>dodr\u017eiava\u0165 term\u00edny dod\u00e1vky slu\u017eieb<\/li><\/ul>\n\n\n\n<h4 class=\"wp-block-heading\">Osobn\u00e9 ciele:<\/h4>\n\n\n\n<p>By\u0165 uzn\u00e1van\u00fdm profesion\u00e1lom vo svojom odbore, ktor\u00fd odv\u00e1dza kvalitn\u00fa pr\u00e1cu, pln\u00ed zmluvn\u00e9 podmienky dod\u00e1vky slu\u017eieb a m\u00e1 ako firma dobr\u00e9 meno na trhu pr\u00e1ce.<\/p>\n","protected":false},"excerpt":{"rendered":"<p>Kto sme? Sme geodetick\u00e1 kancel\u00e1ria pon\u00fakaj\u00faca komplexn\u00e9 slu\u017eby v oblasti geod\u00e9zie, kartografie a katastra. Na\u0161im hlavn\u00fdm cie\u013eom je spokojn\u00fd z\u00e1kazn\u00edk, presn\u00e1 a kvalitne odveden\u00e1 pr\u00e1ca, a to v\u0161etko v \u010do najkrat\u0161om mo\u017enom term\u00edne a za ceny prijate\u013en\u00e9 pre \u0161irok\u00fa verejnos\u0165 . Pri svojej \u010dinnosti vyu\u017e\u00edvame bohat\u00e9 sk\u00fasenosti v odbore geod\u00e9zia, a tie\u017e modern\u00fa techniku, v\u010faka [&hellip;]<\/p>\n","protected":false},"author":1,"featured_media":0,"parent":0,"menu_order":0,"comment_status":"closed","ping_status":"closed","template":"","meta":{"footnotes":""},"class_list":["post-134","page","type-page","status-publish","hentry"],"yoast_head":"<!-- This site is optimized with the Yoast SEO plugin v17.3 - https:\/\/yoast.com\/wordpress\/plugins\/seo\/ -->\n<title>O n\u00e1s - Vatti GEO<\/title>\n<meta name=\"robots\" content=\"index, follow, max-snippet:-1, max-image-preview:large, max-video-preview:-1\" \/>\n<link rel=\"canonical\" href=\"https:\/\/vattigeo.sk\/sk\/o-nas\/\" \/>\n<meta property=\"og:locale\" content=\"sk_SK\" \/>\n<meta property=\"og:type\" content=\"article\" \/>\n<meta property=\"og:title\" content=\"O n\u00e1s - Vatti GEO\" \/>\n<meta property=\"og:description\" content=\"Kto sme? Sme geodetick\u00e1 kancel\u00e1ria pon\u00fakaj\u00faca komplexn\u00e9 slu\u017eby v oblasti geod\u00e9zie, kartografie a katastra. Na\u0161im hlavn\u00fdm cie\u013eom je spokojn\u00fd z\u00e1kazn\u00edk, presn\u00e1 a kvalitne odveden\u00e1 pr\u00e1ca, a to v\u0161etko v \u010do najkrat\u0161om mo\u017enom term\u00edne a za ceny prijate\u013en\u00e9 pre \u0161irok\u00fa verejnos\u0165 . Pri svojej \u010dinnosti vyu\u017e\u00edvame bohat\u00e9 sk\u00fasenosti v odbore geod\u00e9zia, a tie\u017e modern\u00fa techniku, v\u010faka [&hellip;]\" \/>\n<meta property=\"og:url\" content=\"https:\/\/vattigeo.sk\/sk\/o-nas\/\" \/>\n<meta property=\"og:site_name\" content=\"Vatti GEO\" \/>\n<meta property=\"article:modified_time\" content=\"2021-10-11T11:13:30+00:00\" \/>\n<meta name=\"twitter:card\" content=\"summary_large_image\" \/>\n<meta name=\"twitter:label1\" content=\"Predpokladan\u00fd \u010das \u010d\u00edtania\" \/>\n\t<meta name=\"twitter:data1\" content=\"2 min\u00faty\" \/>\n<script type=\"application\/ld+json\" class=\"yoast-schema-graph\">{\"@context\":\"https:\/\/schema.org\",\"@graph\":[{\"@type\":\"WebSite\",\"@id\":\"https:\/\/vattigeo.sk\/#website\",\"url\":\"https:\/\/vattigeo.sk\/\",\"name\":\"Vatti GEO\",\"description\":\"Felvid\\u00e9ki f\\u00f6ldm\\u00e9r\\u0151 iroda\",\"potentialAction\":[{\"@type\":\"SearchAction\",\"target\":{\"@type\":\"EntryPoint\",\"urlTemplate\":\"https:\/\/vattigeo.sk\/?s={search_term_string}\"},\"query-input\":\"required name=search_term_string\"}],\"inLanguage\":\"sk-SK\"},{\"@type\":\"WebPage\",\"@id\":\"https:\/\/vattigeo.sk\/sk\/o-nas\/#webpage\",\"url\":\"https:\/\/vattigeo.sk\/sk\/o-nas\/\",\"name\":\"O n\\u00e1s - Vatti GEO\",\"isPartOf\":{\"@id\":\"https:\/\/vattigeo.sk\/#website\"},\"datePublished\":\"2021-09-10T12:11:18+00:00\",\"dateModified\":\"2021-10-11T11:13:30+00:00\",\"breadcrumb\":{\"@id\":\"https:\/\/vattigeo.sk\/sk\/o-nas\/#breadcrumb\"},\"inLanguage\":\"sk-SK\",\"potentialAction\":[{\"@type\":\"ReadAction\",\"target\":[\"https:\/\/vattigeo.sk\/sk\/o-nas\/\"]}]},{\"@type\":\"BreadcrumbList\",\"@id\":\"https:\/\/vattigeo.sk\/sk\/o-nas\/#breadcrumb\",\"itemListElement\":[{\"@type\":\"ListItem\",\"position\":1,\"name\":\"Kezd\\u0151lap\",\"item\":\"https:\/\/vattigeo.sk\/sk\/\"},{\"@type\":\"ListItem\",\"position\":2,\"name\":\"O n\\u00e1s\"}]}]}<\/script>\n<!-- \/ Yoast SEO plugin. -->","yoast_head_json":{"title":"O n\u00e1s - Vatti GEO","robots":{"index":"index","follow":"follow","max-snippet":"max-snippet:-1","max-image-preview":"max-image-preview:large","max-video-preview":"max-video-preview:-1"},"canonical":"https:\/\/vattigeo.sk\/sk\/o-nas\/","og_locale":"sk_SK","og_type":"article","og_title":"O n\u00e1s - Vatti GEO","og_description":"Kto sme? Sme geodetick\u00e1 kancel\u00e1ria pon\u00fakaj\u00faca komplexn\u00e9 slu\u017eby v oblasti geod\u00e9zie, kartografie a katastra. Na\u0161im hlavn\u00fdm cie\u013eom je spokojn\u00fd z\u00e1kazn\u00edk, presn\u00e1 a kvalitne odveden\u00e1 pr\u00e1ca, a to v\u0161etko v \u010do najkrat\u0161om mo\u017enom term\u00edne a za ceny prijate\u013en\u00e9 pre \u0161irok\u00fa verejnos\u0165 . Pri svojej \u010dinnosti vyu\u017e\u00edvame bohat\u00e9 sk\u00fasenosti v odbore geod\u00e9zia, a tie\u017e modern\u00fa techniku, v\u010faka [&hellip;]","og_url":"https:\/\/vattigeo.sk\/sk\/o-nas\/","og_site_name":"Vatti GEO","article_modified_time":"2021-10-11T11:13:30+00:00","twitter_card":"summary_large_image","twitter_misc":{"Predpokladan\u00fd \u010das \u010d\u00edtania":"2 min\u00faty"},"schema":{"@context":"https:\/\/schema.org","@graph":[{"@type":"WebSite","@id":"https:\/\/vattigeo.sk\/#website","url":"https:\/\/vattigeo.sk\/","name":"Vatti GEO","description":"Felvid\u00e9ki f\u00f6ldm\u00e9r\u0151 iroda","potentialAction":[{"@type":"SearchAction","target":{"@type":"EntryPoint","urlTemplate":"https:\/\/vattigeo.sk\/?s={search_term_string}"},"query-input":"required name=search_term_string"}],"inLanguage":"sk-SK"},{"@type":"WebPage","@id":"https:\/\/vattigeo.sk\/sk\/o-nas\/#webpage","url":"https:\/\/vattigeo.sk\/sk\/o-nas\/","name":"O n\u00e1s - Vatti GEO","isPartOf":{"@id":"https:\/\/vattigeo.sk\/#website"},"datePublished":"2021-09-10T12:11:18+00:00","dateModified":"2021-10-11T11:13:30+00:00","breadcrumb":{"@id":"https:\/\/vattigeo.sk\/sk\/o-nas\/#breadcrumb"},"inLanguage":"sk-SK","potentialAction":[{"@type":"ReadAction","target":["https:\/\/vattigeo.sk\/sk\/o-nas\/"]}]},{"@type":"BreadcrumbList","@id":"https:\/\/vattigeo.sk\/sk\/o-nas\/#breadcrumb","itemListElement":[{"@type":"ListItem","position":1,"name":"Kezd\u0151lap","item":"https:\/\/vattigeo.sk\/sk\/"},{"@type":"ListItem","position":2,"name":"O n\u00e1s"}]}]}},"_links":{"self":[{"href":"https:\/\/vattigeo.sk\/sk\/wp-json\/wp\/v2\/pages\/134","targetHints":{"allow":["GET"]}}],"collection":[{"href":"https:\/\/vattigeo.sk\/sk\/wp-json\/wp\/v2\/pages"}],"about":[{"href":"https:\/\/vattigeo.sk\/sk\/wp-json\/wp\/v2\/types\/page"}],"author":[{"embeddable":true,"href":"https:\/\/vattigeo.sk\/sk\/wp-json\/wp\/v2\/users\/1"}],"replies":[{"embeddable":true,"href":"https:\/\/vattigeo.sk\/sk\/wp-json\/wp\/v2\/comments?post=134"}],"version-history":[{"count":2,"href":"https:\/\/vattigeo.sk\/sk\/wp-json\/wp\/v2\/pages\/134\/revisions"}],"predecessor-version":[{"id":274,"href":"https:\/\/vattigeo.sk\/sk\/wp-json\/wp\/v2\/pages\/134\/revisions\/274"}],"wp:attachment":[{"href":"https:\/\/vattigeo.sk\/sk\/wp-json\/wp\/v2\/media?parent=134"}],"curies":[{"name":"wp","href":"https:\/\/api.w.org\/{rel}","templated":true}]}}