{"id":133,"date":"2021-09-10T14:04:28","date_gmt":"2021-09-10T12:04:28","guid":{"rendered":"https:\/\/vattigeo.vityo.online\/referenciak\/"},"modified":"2021-10-25T09:32:53","modified_gmt":"2021-10-25T07:32:53","slug":"referencie","status":"publish","type":"page","link":"https:\/\/vattigeo.sk\/sk\/referencie\/","title":{"rendered":"Referencie"},"content":{"rendered":"","protected":false},"excerpt":{"rendered":"","protected":false},"author":1,"featured_media":0,"parent":0,"menu_order":0,"comment_status":"closed","ping_status":"closed","template":"page-templates\/references-page.php","meta":{"footnotes":""},"class_list":["post-133","page","type-page","status-publish","hentry"],"yoast_head":"<!-- This site is optimized with the Yoast SEO plugin v17.3 - https:\/\/yoast.com\/wordpress\/plugins\/seo\/ -->\n<title>Referencie - Vatti GEO<\/title>\n<meta name=\"robots\" content=\"index, follow, max-snippet:-1, max-image-preview:large, max-video-preview:-1\" \/>\n<link rel=\"canonical\" href=\"https:\/\/vattigeo.sk\/sk\/referencie\/\" \/>\n<meta property=\"og:locale\" content=\"sk_SK\" \/>\n<meta property=\"og:type\" content=\"article\" \/>\n<meta property=\"og:title\" content=\"Referencie - Vatti GEO\" \/>\n<meta property=\"og:url\" content=\"https:\/\/vattigeo.sk\/sk\/referencie\/\" \/>\n<meta property=\"og:site_name\" content=\"Vatti GEO\" \/>\n<meta property=\"article:modified_time\" content=\"2021-10-25T07:32:53+00:00\" \/>\n<meta name=\"twitter:card\" content=\"summary_large_image\" \/>\n<script type=\"application\/ld+json\" class=\"yoast-schema-graph\">{\"@context\":\"https:\/\/schema.org\",\"@graph\":[{\"@type\":\"WebSite\",\"@id\":\"https:\/\/vattigeo.sk\/#website\",\"url\":\"https:\/\/vattigeo.sk\/\",\"name\":\"Vatti GEO\",\"description\":\"Felvid\\u00e9ki f\\u00f6ldm\\u00e9r\\u0151 iroda\",\"potentialAction\":[{\"@type\":\"SearchAction\",\"target\":{\"@type\":\"EntryPoint\",\"urlTemplate\":\"https:\/\/vattigeo.sk\/?s={search_term_string}\"},\"query-input\":\"required name=search_term_string\"}],\"inLanguage\":\"sk-SK\"},{\"@type\":\"WebPage\",\"@id\":\"https:\/\/vattigeo.sk\/sk\/referencie\/#webpage\",\"url\":\"https:\/\/vattigeo.sk\/sk\/referencie\/\",\"name\":\"Referencie - Vatti GEO\",\"isPartOf\":{\"@id\":\"https:\/\/vattigeo.sk\/#website\"},\"datePublished\":\"2021-09-10T12:04:28+00:00\",\"dateModified\":\"2021-10-25T07:32:53+00:00\",\"breadcrumb\":{\"@id\":\"https:\/\/vattigeo.sk\/sk\/referencie\/#breadcrumb\"},\"inLanguage\":\"sk-SK\",\"potentialAction\":[{\"@type\":\"ReadAction\",\"target\":[\"https:\/\/vattigeo.sk\/sk\/referencie\/\"]}]},{\"@type\":\"BreadcrumbList\",\"@id\":\"https:\/\/vattigeo.sk\/sk\/referencie\/#breadcrumb\",\"itemListElement\":[{\"@type\":\"ListItem\",\"position\":1,\"name\":\"Kezd\\u0151lap\",\"item\":\"https:\/\/vattigeo.sk\/sk\/\"},{\"@type\":\"ListItem\",\"position\":2,\"name\":\"Referencie\"}]}]}<\/script>\n<!-- \/ Yoast SEO plugin. -->","yoast_head_json":{"title":"Referencie - Vatti GEO","robots":{"index":"index","follow":"follow","max-snippet":"max-snippet:-1","max-image-preview":"max-image-preview:large","max-video-preview":"max-video-preview:-1"},"canonical":"https:\/\/vattigeo.sk\/sk\/referencie\/","og_locale":"sk_SK","og_type":"article","og_title":"Referencie - Vatti GEO","og_url":"https:\/\/vattigeo.sk\/sk\/referencie\/","og_site_name":"Vatti GEO","article_modified_time":"2021-10-25T07:32:53+00:00","twitter_card":"summary_large_image","schema":{"@context":"https:\/\/schema.org","@graph":[{"@type":"WebSite","@id":"https:\/\/vattigeo.sk\/#website","url":"https:\/\/vattigeo.sk\/","name":"Vatti GEO","description":"Felvid\u00e9ki f\u00f6ldm\u00e9r\u0151 iroda","potentialAction":[{"@type":"SearchAction","target":{"@type":"EntryPoint","urlTemplate":"https:\/\/vattigeo.sk\/?s={search_term_string}"},"query-input":"required name=search_term_string"}],"inLanguage":"sk-SK"},{"@type":"WebPage","@id":"https:\/\/vattigeo.sk\/sk\/referencie\/#webpage","url":"https:\/\/vattigeo.sk\/sk\/referencie\/","name":"Referencie - Vatti GEO","isPartOf":{"@id":"https:\/\/vattigeo.sk\/#website"},"datePublished":"2021-09-10T12:04:28+00:00","dateModified":"2021-10-25T07:32:53+00:00","breadcrumb":{"@id":"https:\/\/vattigeo.sk\/sk\/referencie\/#breadcrumb"},"inLanguage":"sk-SK","potentialAction":[{"@type":"ReadAction","target":["https:\/\/vattigeo.sk\/sk\/referencie\/"]}]},{"@type":"BreadcrumbList","@id":"https:\/\/vattigeo.sk\/sk\/referencie\/#breadcrumb","itemListElement":[{"@type":"ListItem","position":1,"name":"Kezd\u0151lap","item":"https:\/\/vattigeo.sk\/sk\/"},{"@type":"ListItem","position":2,"name":"Referencie"}]}]}},"_links":{"self":[{"href":"https:\/\/vattigeo.sk\/sk\/wp-json\/wp\/v2\/pages\/133","targetHints":{"allow":["GET"]}}],"collection":[{"href":"https:\/\/vattigeo.sk\/sk\/wp-json\/wp\/v2\/pages"}],"about":[{"href":"https:\/\/vattigeo.sk\/sk\/wp-json\/wp\/v2\/types\/page"}],"author":[{"embeddable":true,"href":"https:\/\/vattigeo.sk\/sk\/wp-json\/wp\/v2\/users\/1"}],"replies":[{"embeddable":true,"href":"https:\/\/vattigeo.sk\/sk\/wp-json\/wp\/v2\/comments?post=133"}],"version-history":[{"count":5,"href":"https:\/\/vattigeo.sk\/sk\/wp-json\/wp\/v2\/pages\/133\/revisions"}],"predecessor-version":[{"id":376,"href":"https:\/\/vattigeo.sk\/sk\/wp-json\/wp\/v2\/pages\/133\/revisions\/376"}],"wp:attachment":[{"href":"https:\/\/vattigeo.sk\/sk\/wp-json\/wp\/v2\/media?parent=133"}],"curies":[{"name":"wp","href":"https:\/\/api.w.org\/{rel}","templated":true}]}}