{"id":132,"date":"2021-09-10T14:12:06","date_gmt":"2021-09-10T12:12:06","guid":{"rendered":"https:\/\/vattigeo.vityo.online\/kapcsolat\/"},"modified":"2021-10-26T13:42:54","modified_gmt":"2021-10-26T11:42:54","slug":"kontakty","status":"publish","type":"page","link":"https:\/\/vattigeo.sk\/sk\/kontakty\/","title":{"rendered":"Kontakty"},"content":{"rendered":"\n<figure class=\"wp-block-table\"><table><tbody><tr><td><strong><strong>Obchodn\u00e9 meno<\/strong>:<\/strong><\/td><td>Attila V\u00f6r\u00f6s \u2013 Vatti GEO<\/td><\/tr><tr><td><strong><strong>Kancel\u00e1ria<\/strong>:<\/strong><\/td><td>Tr\u017eni\u010dn\u00e9 n\u00e1mestie 4810<br><em><small>(<em><small>budova Trend<\/small><\/em>)<\/small><\/em><br>945 01 Kom\u00e1rno<\/td><\/tr><tr><td><strong><strong>Adresa<\/strong>:<\/strong><\/td><td>Povod\u0148ov\u00e1 529<br>946 12 Zlatn\u00e1 na Ostrove<\/td><\/tr><tr><td><strong><strong>Pridelen\u00e9 I\u010cO<\/strong>:<\/strong><\/td><td>44 538 359<\/td><\/tr><tr><td><strong><strong>Pridelen\u00e9 DI\u010c<\/strong>:<\/strong><\/td><td>1078 160 545<\/td><\/tr><tr><td><strong>Telef\u00f3n:<\/strong><\/td><td> <a href=\"tel:00421905779657\">00421 (0)905 779 657<\/a><\/td><\/tr><tr><td><strong>E-mail:<\/strong><\/td><td><a href=\"mailto:vattigeo@gmail.com\">vattigeo@gmail.com<\/a><\/td><\/tr><\/tbody><\/table><\/figure>\n\n\n\n<h3 class=\"wp-block-heading\"><strong>Osobn\u00e9 \u00fadaje<\/strong>:<\/h3>\n\n\n\n<figure class=\"wp-block-table\"><table><tbody><tr><td><strong><strong>Meno a priezvisko<\/strong>:<\/strong><\/td><td>Attila V\u00f6r\u00f6s<\/td><\/tr><tr><td><strong><strong>Bydlisko<\/strong>:<\/strong><\/td><td>Povod\u0148ov\u00e1 529<br>946 12 Zlatn\u00e1 na Ostrove<\/td><\/tr><\/tbody><\/table><\/figure>\n\n\n\n<iframe src=\"https:\/\/www.google.com\/maps\/embed?pb=!1m18!1m12!1m3!1d10728.922122580456!2d18.123260826287652!3d47.75758267267186!2m3!1f0!2f0!3f0!3m2!1i1024!2i768!4f13.1!3m3!1m2!1s0x476bad5658187075%3A0xec2cb5de22057785!2zVHLFvm5pxI1uw6kgTsOhbWVzdGllIDQ4MTAsIDk0NSAwMSBLb23DoXJubw!5e0!3m2!1s!2s!4v1633948969821!5m2!1s!2s\" width=\"100%\" height=\"450\" style=\"border:0;\" allowfullscreen=\"\" loading=\"lazy\"><\/iframe>\n","protected":false},"excerpt":{"rendered":"<p>Obchodn\u00e9 meno: Attila V\u00f6r\u00f6s \u2013 Vatti GEO Kancel\u00e1ria: Tr\u017eni\u010dn\u00e9 n\u00e1mestie 4810(budova Trend)945 01 Kom\u00e1rno Adresa: Povod\u0148ov\u00e1 529946 12 Zlatn\u00e1 na Ostrove Pridelen\u00e9 I\u010cO: 44 538 359 Pridelen\u00e9 DI\u010c: 1078 160 545 Telef\u00f3n: 00421 (0)905 779 657 E-mail: vattigeo@gmail.com Osobn\u00e9 \u00fadaje: Meno a priezvisko: Attila V\u00f6r\u00f6s Bydlisko: Povod\u0148ov\u00e1 529946 12 Zlatn\u00e1 na Ostrove<\/p>\n","protected":false},"author":1,"featured_media":0,"parent":0,"menu_order":0,"comment_status":"closed","ping_status":"closed","template":"","meta":{"footnotes":""},"class_list":["post-132","page","type-page","status-publish","hentry"],"yoast_head":"<!-- This site is optimized with the Yoast SEO plugin v17.3 - https:\/\/yoast.com\/wordpress\/plugins\/seo\/ -->\n<title>Kontakty - Vatti GEO<\/title>\n<meta name=\"robots\" content=\"index, follow, max-snippet:-1, max-image-preview:large, max-video-preview:-1\" \/>\n<link rel=\"canonical\" href=\"https:\/\/vattigeo.sk\/sk\/kontakty\/\" \/>\n<meta property=\"og:locale\" content=\"sk_SK\" \/>\n<meta property=\"og:type\" content=\"article\" \/>\n<meta property=\"og:title\" content=\"Kontakty - Vatti GEO\" \/>\n<meta property=\"og:description\" content=\"Obchodn\u00e9 meno: Attila V\u00f6r\u00f6s \u2013 Vatti GEO Kancel\u00e1ria: Tr\u017eni\u010dn\u00e9 n\u00e1mestie 4810(budova Trend)945 01 Kom\u00e1rno Adresa: Povod\u0148ov\u00e1 529946 12 Zlatn\u00e1 na Ostrove Pridelen\u00e9 I\u010cO: 44 538 359 Pridelen\u00e9 DI\u010c: 1078 160 545 Telef\u00f3n: 00421 (0)905 779 657 E-mail: vattigeo@gmail.com Osobn\u00e9 \u00fadaje: Meno a priezvisko: Attila V\u00f6r\u00f6s Bydlisko: Povod\u0148ov\u00e1 529946 12 Zlatn\u00e1 na Ostrove\" \/>\n<meta property=\"og:url\" content=\"https:\/\/vattigeo.sk\/sk\/kontakty\/\" \/>\n<meta property=\"og:site_name\" content=\"Vatti GEO\" \/>\n<meta property=\"article:modified_time\" content=\"2021-10-26T11:42:54+00:00\" \/>\n<meta name=\"twitter:card\" content=\"summary_large_image\" \/>\n<meta name=\"twitter:label1\" content=\"Predpokladan\u00fd \u010das \u010d\u00edtania\" \/>\n\t<meta name=\"twitter:data1\" content=\"1 min\u00fata\" \/>\n<script type=\"application\/ld+json\" class=\"yoast-schema-graph\">{\"@context\":\"https:\/\/schema.org\",\"@graph\":[{\"@type\":\"WebSite\",\"@id\":\"https:\/\/vattigeo.sk\/#website\",\"url\":\"https:\/\/vattigeo.sk\/\",\"name\":\"Vatti GEO\",\"description\":\"Felvid\\u00e9ki f\\u00f6ldm\\u00e9r\\u0151 iroda\",\"potentialAction\":[{\"@type\":\"SearchAction\",\"target\":{\"@type\":\"EntryPoint\",\"urlTemplate\":\"https:\/\/vattigeo.sk\/?s={search_term_string}\"},\"query-input\":\"required name=search_term_string\"}],\"inLanguage\":\"sk-SK\"},{\"@type\":\"WebPage\",\"@id\":\"https:\/\/vattigeo.sk\/sk\/kontakty\/#webpage\",\"url\":\"https:\/\/vattigeo.sk\/sk\/kontakty\/\",\"name\":\"Kontakty - Vatti GEO\",\"isPartOf\":{\"@id\":\"https:\/\/vattigeo.sk\/#website\"},\"datePublished\":\"2021-09-10T12:12:06+00:00\",\"dateModified\":\"2021-10-26T11:42:54+00:00\",\"breadcrumb\":{\"@id\":\"https:\/\/vattigeo.sk\/sk\/kontakty\/#breadcrumb\"},\"inLanguage\":\"sk-SK\",\"potentialAction\":[{\"@type\":\"ReadAction\",\"target\":[\"https:\/\/vattigeo.sk\/sk\/kontakty\/\"]}]},{\"@type\":\"BreadcrumbList\",\"@id\":\"https:\/\/vattigeo.sk\/sk\/kontakty\/#breadcrumb\",\"itemListElement\":[{\"@type\":\"ListItem\",\"position\":1,\"name\":\"Kezd\\u0151lap\",\"item\":\"https:\/\/vattigeo.sk\/sk\/\"},{\"@type\":\"ListItem\",\"position\":2,\"name\":\"Kontakty\"}]}]}<\/script>\n<!-- \/ Yoast SEO plugin. -->","yoast_head_json":{"title":"Kontakty - Vatti GEO","robots":{"index":"index","follow":"follow","max-snippet":"max-snippet:-1","max-image-preview":"max-image-preview:large","max-video-preview":"max-video-preview:-1"},"canonical":"https:\/\/vattigeo.sk\/sk\/kontakty\/","og_locale":"sk_SK","og_type":"article","og_title":"Kontakty - Vatti GEO","og_description":"Obchodn\u00e9 meno: Attila V\u00f6r\u00f6s \u2013 Vatti GEO Kancel\u00e1ria: Tr\u017eni\u010dn\u00e9 n\u00e1mestie 4810(budova Trend)945 01 Kom\u00e1rno Adresa: Povod\u0148ov\u00e1 529946 12 Zlatn\u00e1 na Ostrove Pridelen\u00e9 I\u010cO: 44 538 359 Pridelen\u00e9 DI\u010c: 1078 160 545 Telef\u00f3n: 00421 (0)905 779 657 E-mail: vattigeo@gmail.com Osobn\u00e9 \u00fadaje: Meno a priezvisko: Attila V\u00f6r\u00f6s Bydlisko: Povod\u0148ov\u00e1 529946 12 Zlatn\u00e1 na Ostrove","og_url":"https:\/\/vattigeo.sk\/sk\/kontakty\/","og_site_name":"Vatti GEO","article_modified_time":"2021-10-26T11:42:54+00:00","twitter_card":"summary_large_image","twitter_misc":{"Predpokladan\u00fd \u010das \u010d\u00edtania":"1 min\u00fata"},"schema":{"@context":"https:\/\/schema.org","@graph":[{"@type":"WebSite","@id":"https:\/\/vattigeo.sk\/#website","url":"https:\/\/vattigeo.sk\/","name":"Vatti GEO","description":"Felvid\u00e9ki f\u00f6ldm\u00e9r\u0151 iroda","potentialAction":[{"@type":"SearchAction","target":{"@type":"EntryPoint","urlTemplate":"https:\/\/vattigeo.sk\/?s={search_term_string}"},"query-input":"required name=search_term_string"}],"inLanguage":"sk-SK"},{"@type":"WebPage","@id":"https:\/\/vattigeo.sk\/sk\/kontakty\/#webpage","url":"https:\/\/vattigeo.sk\/sk\/kontakty\/","name":"Kontakty - Vatti GEO","isPartOf":{"@id":"https:\/\/vattigeo.sk\/#website"},"datePublished":"2021-09-10T12:12:06+00:00","dateModified":"2021-10-26T11:42:54+00:00","breadcrumb":{"@id":"https:\/\/vattigeo.sk\/sk\/kontakty\/#breadcrumb"},"inLanguage":"sk-SK","potentialAction":[{"@type":"ReadAction","target":["https:\/\/vattigeo.sk\/sk\/kontakty\/"]}]},{"@type":"BreadcrumbList","@id":"https:\/\/vattigeo.sk\/sk\/kontakty\/#breadcrumb","itemListElement":[{"@type":"ListItem","position":1,"name":"Kezd\u0151lap","item":"https:\/\/vattigeo.sk\/sk\/"},{"@type":"ListItem","position":2,"name":"Kontakty"}]}]}},"_links":{"self":[{"href":"https:\/\/vattigeo.sk\/sk\/wp-json\/wp\/v2\/pages\/132","targetHints":{"allow":["GET"]}}],"collection":[{"href":"https:\/\/vattigeo.sk\/sk\/wp-json\/wp\/v2\/pages"}],"about":[{"href":"https:\/\/vattigeo.sk\/sk\/wp-json\/wp\/v2\/types\/page"}],"author":[{"embeddable":true,"href":"https:\/\/vattigeo.sk\/sk\/wp-json\/wp\/v2\/users\/1"}],"replies":[{"embeddable":true,"href":"https:\/\/vattigeo.sk\/sk\/wp-json\/wp\/v2\/comments?post=132"}],"version-history":[{"count":6,"href":"https:\/\/vattigeo.sk\/sk\/wp-json\/wp\/v2\/pages\/132\/revisions"}],"predecessor-version":[{"id":380,"href":"https:\/\/vattigeo.sk\/sk\/wp-json\/wp\/v2\/pages\/132\/revisions\/380"}],"wp:attachment":[{"href":"https:\/\/vattigeo.sk\/sk\/wp-json\/wp\/v2\/media?parent=132"}],"curies":[{"name":"wp","href":"https:\/\/api.w.org\/{rel}","templated":true}]}}