{"id":130,"date":"2021-09-10T14:11:43","date_gmt":"2021-09-10T12:11:43","guid":{"rendered":"https:\/\/vattigeo.vityo.online\/araink\/"},"modified":"2021-10-07T22:32:54","modified_gmt":"2021-10-07T20:32:54","slug":"cennik","status":"publish","type":"page","link":"https:\/\/vattigeo.sk\/sk\/cennik\/","title":{"rendered":"Cenn\u00edk"},"content":{"rendered":"\n<h2 class=\"wp-block-heading\">CENOV\u00c1 ponuka \u2013 Verejn\u00e1 cena pr\u00e1c<\/h2>\n\n\n\n<p>Cena pr\u00e1c je stanoven\u00e1 na z\u00e1klade n\u00e1vrhu Slovenskej komory geodetov a&nbsp;kartografov<\/p>\n\n\n\n<p>Cena pr\u00e1c je ud\u00e1van\u00e1 cenovou ponukou po detailnej konzult\u00e1cii. Neexistuj\u00fa dve rovnak\u00e9 z\u00e1kazky, preto nepracujem s&nbsp;jednotnou cenou. Cena z\u00e1vis\u00ed od komplikovanosti a&nbsp;\u010dasovej n\u00e1ro\u010dnosti pr\u00e1c. Geodet ako pracovn\u00edk nepon\u00faka iba produkty (geodetick\u00e9 pr\u00e1ce) a slu\u017eby (informa\u010dn\u00e9, administrat\u00edvnu pomoc, postoj pri obhajobe z\u00e1ujmov), ale za v\u00fdsledky svojej pr\u00e1ce berie aj zodpovednos\u0165.<\/p>\n\n\n\n<p>Pribli\u017en\u00e9 ceny n\u00e1jdete na str\u00e1nke Slovenskej komory geodetov a&nbsp;kartografov:<\/p>\n\n\n\n<p><a href=\"https:\/\/www.kgk.sk\/infoblok\/ceny_gak_prac\/\" target=\"_blank\" rel=\"noreferrer noopener\">https:\/\/www.kgk.sk\/infoblok\/ceny_gak_prac\/<\/a><\/p>\n","protected":false},"excerpt":{"rendered":"<p>CENOV\u00c1 ponuka \u2013 Verejn\u00e1 cena pr\u00e1c Cena pr\u00e1c je stanoven\u00e1 na z\u00e1klade n\u00e1vrhu Slovenskej komory geodetov a&nbsp;kartografov Cena pr\u00e1c je ud\u00e1van\u00e1 cenovou ponukou po detailnej konzult\u00e1cii. Neexistuj\u00fa dve rovnak\u00e9 z\u00e1kazky, preto nepracujem s&nbsp;jednotnou cenou. Cena z\u00e1vis\u00ed od komplikovanosti a&nbsp;\u010dasovej n\u00e1ro\u010dnosti pr\u00e1c. Geodet ako pracovn\u00edk nepon\u00faka iba produkty (geodetick\u00e9 pr\u00e1ce) a slu\u017eby (informa\u010dn\u00e9, administrat\u00edvnu pomoc, postoj [&hellip;]<\/p>\n","protected":false},"author":1,"featured_media":0,"parent":0,"menu_order":0,"comment_status":"closed","ping_status":"closed","template":"","meta":{"footnotes":""},"class_list":["post-130","page","type-page","status-publish","hentry"],"yoast_head":"<!-- This site is optimized with the Yoast SEO plugin v17.3 - https:\/\/yoast.com\/wordpress\/plugins\/seo\/ -->\n<title>Cenn\u00edk - Vatti GEO<\/title>\n<meta name=\"robots\" content=\"index, follow, max-snippet:-1, max-image-preview:large, max-video-preview:-1\" \/>\n<link rel=\"canonical\" href=\"https:\/\/vattigeo.sk\/sk\/cennik\/\" \/>\n<meta property=\"og:locale\" content=\"sk_SK\" \/>\n<meta property=\"og:type\" content=\"article\" \/>\n<meta property=\"og:title\" content=\"Cenn\u00edk - Vatti GEO\" \/>\n<meta property=\"og:description\" content=\"CENOV\u00c1 ponuka \u2013 Verejn\u00e1 cena pr\u00e1c Cena pr\u00e1c je stanoven\u00e1 na z\u00e1klade n\u00e1vrhu Slovenskej komory geodetov a&nbsp;kartografov Cena pr\u00e1c je ud\u00e1van\u00e1 cenovou ponukou po detailnej konzult\u00e1cii. Neexistuj\u00fa dve rovnak\u00e9 z\u00e1kazky, preto nepracujem s&nbsp;jednotnou cenou. Cena z\u00e1vis\u00ed od komplikovanosti a&nbsp;\u010dasovej n\u00e1ro\u010dnosti pr\u00e1c. Geodet ako pracovn\u00edk nepon\u00faka iba produkty (geodetick\u00e9 pr\u00e1ce) a slu\u017eby (informa\u010dn\u00e9, administrat\u00edvnu pomoc, postoj [&hellip;]\" \/>\n<meta property=\"og:url\" content=\"https:\/\/vattigeo.sk\/sk\/cennik\/\" \/>\n<meta property=\"og:site_name\" content=\"Vatti GEO\" \/>\n<meta property=\"article:modified_time\" content=\"2021-10-07T20:32:54+00:00\" \/>\n<meta name=\"twitter:card\" content=\"summary_large_image\" \/>\n<meta name=\"twitter:label1\" content=\"Predpokladan\u00fd \u010das \u010d\u00edtania\" \/>\n\t<meta name=\"twitter:data1\" content=\"1 min\u00fata\" \/>\n<script type=\"application\/ld+json\" class=\"yoast-schema-graph\">{\"@context\":\"https:\/\/schema.org\",\"@graph\":[{\"@type\":\"WebSite\",\"@id\":\"https:\/\/vattigeo.sk\/#website\",\"url\":\"https:\/\/vattigeo.sk\/\",\"name\":\"Vatti GEO\",\"description\":\"Felvid\\u00e9ki f\\u00f6ldm\\u00e9r\\u0151 iroda\",\"potentialAction\":[{\"@type\":\"SearchAction\",\"target\":{\"@type\":\"EntryPoint\",\"urlTemplate\":\"https:\/\/vattigeo.sk\/?s={search_term_string}\"},\"query-input\":\"required name=search_term_string\"}],\"inLanguage\":\"sk-SK\"},{\"@type\":\"WebPage\",\"@id\":\"https:\/\/vattigeo.sk\/sk\/cennik\/#webpage\",\"url\":\"https:\/\/vattigeo.sk\/sk\/cennik\/\",\"name\":\"Cenn\\u00edk - Vatti GEO\",\"isPartOf\":{\"@id\":\"https:\/\/vattigeo.sk\/#website\"},\"datePublished\":\"2021-09-10T12:11:43+00:00\",\"dateModified\":\"2021-10-07T20:32:54+00:00\",\"breadcrumb\":{\"@id\":\"https:\/\/vattigeo.sk\/sk\/cennik\/#breadcrumb\"},\"inLanguage\":\"sk-SK\",\"potentialAction\":[{\"@type\":\"ReadAction\",\"target\":[\"https:\/\/vattigeo.sk\/sk\/cennik\/\"]}]},{\"@type\":\"BreadcrumbList\",\"@id\":\"https:\/\/vattigeo.sk\/sk\/cennik\/#breadcrumb\",\"itemListElement\":[{\"@type\":\"ListItem\",\"position\":1,\"name\":\"Kezd\\u0151lap\",\"item\":\"https:\/\/vattigeo.sk\/sk\/\"},{\"@type\":\"ListItem\",\"position\":2,\"name\":\"Cenn\\u00edk\"}]}]}<\/script>\n<!-- \/ Yoast SEO plugin. -->","yoast_head_json":{"title":"Cenn\u00edk - Vatti GEO","robots":{"index":"index","follow":"follow","max-snippet":"max-snippet:-1","max-image-preview":"max-image-preview:large","max-video-preview":"max-video-preview:-1"},"canonical":"https:\/\/vattigeo.sk\/sk\/cennik\/","og_locale":"sk_SK","og_type":"article","og_title":"Cenn\u00edk - Vatti GEO","og_description":"CENOV\u00c1 ponuka \u2013 Verejn\u00e1 cena pr\u00e1c Cena pr\u00e1c je stanoven\u00e1 na z\u00e1klade n\u00e1vrhu Slovenskej komory geodetov a&nbsp;kartografov Cena pr\u00e1c je ud\u00e1van\u00e1 cenovou ponukou po detailnej konzult\u00e1cii. Neexistuj\u00fa dve rovnak\u00e9 z\u00e1kazky, preto nepracujem s&nbsp;jednotnou cenou. Cena z\u00e1vis\u00ed od komplikovanosti a&nbsp;\u010dasovej n\u00e1ro\u010dnosti pr\u00e1c. Geodet ako pracovn\u00edk nepon\u00faka iba produkty (geodetick\u00e9 pr\u00e1ce) a slu\u017eby (informa\u010dn\u00e9, administrat\u00edvnu pomoc, postoj [&hellip;]","og_url":"https:\/\/vattigeo.sk\/sk\/cennik\/","og_site_name":"Vatti GEO","article_modified_time":"2021-10-07T20:32:54+00:00","twitter_card":"summary_large_image","twitter_misc":{"Predpokladan\u00fd \u010das \u010d\u00edtania":"1 min\u00fata"},"schema":{"@context":"https:\/\/schema.org","@graph":[{"@type":"WebSite","@id":"https:\/\/vattigeo.sk\/#website","url":"https:\/\/vattigeo.sk\/","name":"Vatti GEO","description":"Felvid\u00e9ki f\u00f6ldm\u00e9r\u0151 iroda","potentialAction":[{"@type":"SearchAction","target":{"@type":"EntryPoint","urlTemplate":"https:\/\/vattigeo.sk\/?s={search_term_string}"},"query-input":"required name=search_term_string"}],"inLanguage":"sk-SK"},{"@type":"WebPage","@id":"https:\/\/vattigeo.sk\/sk\/cennik\/#webpage","url":"https:\/\/vattigeo.sk\/sk\/cennik\/","name":"Cenn\u00edk - Vatti GEO","isPartOf":{"@id":"https:\/\/vattigeo.sk\/#website"},"datePublished":"2021-09-10T12:11:43+00:00","dateModified":"2021-10-07T20:32:54+00:00","breadcrumb":{"@id":"https:\/\/vattigeo.sk\/sk\/cennik\/#breadcrumb"},"inLanguage":"sk-SK","potentialAction":[{"@type":"ReadAction","target":["https:\/\/vattigeo.sk\/sk\/cennik\/"]}]},{"@type":"BreadcrumbList","@id":"https:\/\/vattigeo.sk\/sk\/cennik\/#breadcrumb","itemListElement":[{"@type":"ListItem","position":1,"name":"Kezd\u0151lap","item":"https:\/\/vattigeo.sk\/sk\/"},{"@type":"ListItem","position":2,"name":"Cenn\u00edk"}]}]}},"_links":{"self":[{"href":"https:\/\/vattigeo.sk\/sk\/wp-json\/wp\/v2\/pages\/130","targetHints":{"allow":["GET"]}}],"collection":[{"href":"https:\/\/vattigeo.sk\/sk\/wp-json\/wp\/v2\/pages"}],"about":[{"href":"https:\/\/vattigeo.sk\/sk\/wp-json\/wp\/v2\/types\/page"}],"author":[{"embeddable":true,"href":"https:\/\/vattigeo.sk\/sk\/wp-json\/wp\/v2\/users\/1"}],"replies":[{"embeddable":true,"href":"https:\/\/vattigeo.sk\/sk\/wp-json\/wp\/v2\/comments?post=130"}],"version-history":[{"count":2,"href":"https:\/\/vattigeo.sk\/sk\/wp-json\/wp\/v2\/pages\/130\/revisions"}],"predecessor-version":[{"id":249,"href":"https:\/\/vattigeo.sk\/sk\/wp-json\/wp\/v2\/pages\/130\/revisions\/249"}],"wp:attachment":[{"href":"https:\/\/vattigeo.sk\/sk\/wp-json\/wp\/v2\/media?parent=130"}],"curies":[{"name":"wp","href":"https:\/\/api.w.org\/{rel}","templated":true}]}}